{"id":1352,"date":"2023-10-22T18:48:21","date_gmt":"2023-10-22T18:48:21","guid":{"rendered":"https:\/\/akml.net\/?page_id=1352"},"modified":"2023-12-07T22:23:45","modified_gmt":"2023-12-07T20:23:45","slug":"nuostatai","status":"publish","type":"page","link":"https:\/\/akml.net\/en\/nuostatai\/","title":{"rendered":"Nuostatai"},"content":{"rendered":"<section class=\"wpb-content-wrapper\"><div class=\"vc_row wpb_row vc_row-fluid\"><div class=\"wpb_column vc_column_container vc_col-sm-12\"><div class=\"vc_column-inner\"><div class=\"wpb_wrapper\">\n\t<div class=\"wpb_text_column wpb_content_element\" >\n\t\t<div class=\"wpb_wrapper\">\n\t\t\t<h5><span style=\"color: #333333;\">ALYTAUS MIESTO KREP\u0160INIO PIRMENYBI\u0172 NUOSTATAI<\/span><\/h5>\n<p><span style=\"color: #333333;\">ALYTAUS KREP\u0160INIO M\u0116G\u0116J\u0172 LYGA (AKML)<\/span><br \/>\n<span style=\"color: #333333;\">2023\u20132024 M.<\/span><\/p>\n<p><span style=\"color: #333333;\">I. TIKSLAI IR U\u017dDAVINIAI<\/span><\/p>\n<p><span style=\"color: #333333;\">1. Skatinti Alytaus miesto gyventoj\u0173 fizin\u012f aktyvum\u0105, sudaryti s\u0105lygas turiningam laisvalaikiui .<\/span><br \/>\n<span style=\"color: #333333;\">2. Siekti doro, s\u0105\u017einingo rungtyniavimo bei var\u017eymosi, laikytis garbingos kovos ir kilnaus elgesio princip\u0173.<\/span><br \/>\n<span style=\"color: #333333;\">3. Ie\u0161koti gabi\u0173, talenting\u0173 sportinink\u0173, sudaryti s\u0105lygas jiems tobul\u0117ti.<\/span><br \/>\n<span style=\"color: #333333;\">4. I\u0161siai\u0161kinti stipriausias komandas ir turiningai praleisti laisvalaik\u012f krep\u0161inio aik\u0161tel\u0117je.<\/span><\/p>\n<p><span style=\"color: #333333;\">II. VADOVAVIMAS<\/span><\/p>\n<p><span style=\"color: #333333;\">5. Pirmenybes organizuoja ir joms vadovauja organizacinis komitetas:<\/span><br \/>\n<span style=\"color: #333333;\">Mantas Kilkus, portalo \u201eDz\u016bkijos Veidas\u201c redaktorius;<\/span><br \/>\n<span style=\"color: #333333;\">Dal\u0117 Lazauskien\u0117, portalo \u201eDz\u016bkijos Veidas\u201c redaktoriaus pavaduotoja;<\/span><br \/>\n<span style=\"color: #333333;\">K\u0119stutis Dambrauskas, \u0160vietimo ir sporto skyriaus ved\u0117jo pavaduotojas;<\/span><br \/>\n<span style=\"color: #333333;\">Tomas Stupuris, Alytaus sporto ir rekreacijos centro direktorius.<\/span><br \/>\n<span style=\"color: #333333;\">6. Var\u017eybas vykdo teis\u0117j\u0173 kolegija, vyr. teis\u0117jas Arnas Lisauskas.<\/span><\/p>\n<p><span lang=\"LT\" style=\"color: #333333;\">III. PIRMENYBI\u0172 SISTEMA IR ORGANIZAVIMAS<\/span><\/p>\n<p><span style=\"color: #333333;\">7. Pirmenyb\u0117s vykdomos turnyru:<\/span><br \/>\n<span style=\"color: #333333;\">7.1. Vyr\u0173, gimusi\u0173 2008 m. ir vyresni\u0173:<\/span><br \/>\n<span style=\"color: #333333;\">7.2. Moter\u0173, am\u017eius neribojamas.<\/span><\/p>\n<p><span style=\"color: #333333;\">8. Var\u017eyb\u0173 sistema: visos komandos \u017eaid\u017eia 1-o rato sistema. 1-8 vietas u\u017e\u0117musios komandos patenka \u012f Ketvirtfinali\u0173 etap\u0105. Atkrintamosiose var\u017eybose komandos suskirstomos \u012f poras tokia tvarka: 1v.-8v., 2v.-7v., 3v.-6v., 4v.-5v., Poros \u017eaid\u017eia dvejas var\u017eybas, kurios yra skai\u010diuojamos pagal bendr\u0105 ta\u0161k\u0173 sum\u0105.\u00a0<\/span><span style=\"color: #333333;\">Poros nugal\u0117toja patenka \u012f pusfinali\u0173 etap\u0105, kur komandos suskirstomos taip: 1-8 v. nugal\u0117toja \u2013 4-5 v. nugal\u0117toja, 2-7 v. nugal\u0117toja \u2013 3-6 v. nugal\u0117toja. Pusfinalio etapo laim\u0117tojai \u017eaid\u017eia finale, pralaim\u0117tojai \u2013 d\u0117l 3 vietos. Ketvirtfinali\u0173 poros pralaim\u0117tojai \u017eaid\u017eia d\u0117l Ma\u017eosios taur\u0117s. Poros suskirstomos tokia tvarka: 1-8 v. pralaim\u0117toja \u2013 4-5 v. pralaim\u0117toja, 2-7 v. pralaim\u0117toja \u2013 3-6 v. pralaim\u0117toja. Por\u0173 laim\u0117tojai \u017eaid\u017eia finale d\u0117l Ma\u017eosios taur\u0117s.<\/span><br \/>\n<span style=\"color: red;\"><br \/>\n<\/span><\/p>\n<p><span style=\"color: #333333;\">IV. VAR\u017dYB\u0172 VYKDYMO DATA IR LAIKAS<\/span><\/p>\n<p><span style=\"color: #333333;\">9. Var\u017eybos vyks Alytaus sporto ir rekreacijos centre bei rezervin\u0117se sal\u0117se: Alytaus medicinin\u0117s reabilitacijos centre, A. Ramanausko gimnazijoje, Alytaus profesinio rengimo centre nuo 2023 m. lapkri\u010dio m\u0117n. iki 2024 m. baland\u017eio m\u0117n.<\/span><br \/>\n<span style=\"color: #333333;\">9.1. Var\u017eybos vykdoma vadovaujantis oficialiomis FIBA krep\u0161inio taisykl\u0117mis.<\/span><\/p>\n<p><span style=\"color: #333333;\">V. VAR\u017dYB\u0172 DALYVIAI<\/span><\/p>\n<p><span style=\"color: #333333;\">10. Var\u017eybose gali dalyvauti visi Alytaus mieste ir rajone gyvenam\u0105 viet\u0105 deklarav\u0119 ir gyvenantys sportininkai ir ne Alytaus miesto ir rajono gyventojai, neturintys 2023 \u2013 2024 met\u0173 sezone galiojan\u010di\u0173 LKL, NKL ir RKL licencij\u0173.<\/span><br \/>\n<span style=\"color: #333333;\">11. Komandos gali registruoti:<\/span><br \/>\n<span style=\"color: #333333;\">11.1. Vien\u0105 miesto ir rajono \u017eaid\u0117j\u0105, turint\u012f galiojan\u010di\u0105 2023-2024 met\u0173 LKL arba NKL licencij\u0105.<\/span><br \/>\n<span style=\"color: #333333;\">11.2. Neribot\u0105 skai\u010di\u0173 turin\u010di\u0173 galiojan\u010dias 2023-2024 met\u0173 RKL licencijas.<\/span><br \/>\n<span style=\"color: #333333;\">12. Pirmenyb\u0117ms kiekviena komanda gali registruoti ne daugiau 16 \u017eaid\u0117j\u0173.<\/span><br \/>\n<span style=\"color: #333333;\">13. Tas pats \u017eaid\u0117jas gali \u017eaisti tik vienoje komandoje.<\/span><br \/>\n<span style=\"color: #333333;\">14. Nuo 2024 m. sausio 15 d. komandos gali registruoti naujus \u017eaid\u0117jus, sumok\u0117dami 20 EUR mokest\u012f u\u017e kiekvien\u0105 \u017eaid\u0117j\u0105.<\/span><br \/>\n<span style=\"color: #333333;\">15. Atkrintam\u0173j\u0173 var\u017eyb\u0173 etape gal\u0117s dalyvauti tik tie \u017eaid\u0117jai, kurie bus su\u017eaid\u0119 ne ma\u010diau kaip 30% var\u017eyb\u0173 pirmame etape<br \/>\n<\/span><span style=\"color: #333333;\">15.1. Jeigu rungtyn\u0117s baigiasi rezultatu 20:0, visiems komandos nugal\u0117tojos \u017eaid\u0117jams u\u017eskaitomas dalyvavimas rungtyn\u0117se.<\/span><br \/>\n<span style=\"color: #333333;\">16. Komandos privalo tur\u0117ti vienod\u0105 sportin\u0119 aprang\u0105 su numeriais.<\/span><\/p>\n<p><span style=\"color: #333333;\">VI. KOMAND\u0172 REGISTRACIJA, PARAI\u0160KOS, STARTO MOKESTIS<\/span><\/p>\n<p><span style=\"color: #333333;\">17. <span lang=\"LT\">Komand\u0173 registracija vyksta iki 2023 m. lapkri\u010dio 23 d.<br \/>\n18. <\/span><span lang=\"LT\">Vardines parai\u0161kas su \u017eaid\u0117j\u0173 vardais, pavard\u0117mis komandos privalo atsi\u0173sti elektroniniu pa\u0161tu arnas.lisauskas@akml.net iki lapkri\u010dio 23 d.<br \/>\n19. <\/span><span lang=\"LT\">Starto mokestis 500 eur\u0173. Startin\u012f mokest\u012f komandos turi sumok\u0117ti iki paskutin\u0117s registracijos dienos (lapkri\u010dio 23 d.) Iki pirm\u0173j\u0173 rungtyni\u0173 komandos privalo var\u017eyb\u0173 vyr. teis\u0117jui pateikti vardin\u0119 parai\u0161k\u0105, kurioje komandos dalyviai para\u0161ais patvirtina, kad yra pasitikrin\u0119 sveikat\u0105 ir u\u017e pasekmes var\u017eyb\u0173 metu atsako patys.<\/span><\/span><\/p>\n<p><span style=\"color: #333333;\">VII. VIET\u0172 TURNYRIN\u0116JE LENTEL\u0116JE NUSTATYMAS<\/span><\/p>\n<p><span style=\"color: #333333;\">20. \u010cempionato turnyrin\u0117s lentel\u0117s vietos nustatomos pagal surinkt\u0105 ta\u0161k\u0173 sum\u0105.<\/span><br \/>\n<span style=\"color: #333333;\">21. <span lang=\"LT\">Dviem komandoms surinkus vienodai ta\u0161k\u0173 auk\u0161tesn\u0119 viet\u0105 lemia tarpusavio rungtyni\u0173<\/span><span lang=\"LT\">nugal\u0117tojas.<br \/>\n22. <\/span><span lang=\"LT\">Trims ir daugiau komand\u0173 surinkus vienodai ta\u0161k\u0173, auk\u0161tesn\u0119 viet\u0105 lemia eil\u0117s tvarka <\/span><span lang=\"LT\">i\u0161d\u0117styti \u0161ie kriterijai:<br \/>\n22.1. <\/span><span lang=\"LT\">tarpusavio laim\u0117t\u0173 rungtyni\u0173 skai\u010dius;<br \/>\n22.2. <\/span><span lang=\"LT\">tarpusavio rungtyni\u0173 \u012fmest\u0173 ir praleist\u0173 ta\u0161k\u0173 santykis;<br \/>\n22.3. <\/span><span lang=\"LT\">bendras \u012fmest\u0173 ir praleist\u0173 ta\u0161k\u0173 santykis.<\/span><\/span><\/p>\n<p><span style=\"color: #333333;\">VIII. <span lang=\"LT\">DRAUSMIN\u0116S NUOBAUDOS<br \/>\n<\/span><\/span><\/p>\n<p><span style=\"color: #333333;\">23. Komandai neatvykus \u012f rungtynes \u012fskaitomas techninis pralaim\u0117jimas 0:20.<\/span><br \/>\n<span style=\"color: #333333;\">23.1. <span lang=\"LT\">Du kartus rungtynes d\u0117l neatvykimo ar kit\u0173 prie\u017eas\u010di\u0173 0:20 pralaim\u0117jusi komanda \u0161alinama i\u0161 pirmenybi\u0173.<br \/>\n24. <\/span><span lang=\"LT\">\u017daid\u0117jas, treneris ar atsargini\u0173 \u017eaid\u0117j\u0173 suolelis nubaustas technine pra\u017eanga iki kit\u0173 rungtyni\u0173 sekretoriatui turi sumok\u0117ti 20 EUR baud\u0105, \u017eaid\u0117jas ar treneris nubaustas diskvalifikacine pra\u017eanga praleid\u017eia kitas rungtynes, o prie\u0161 dalyvaudamas tolimesn\u0117se privalo sumok\u0117ti 30 EUR baud\u0105. Nesumok\u0117jus pinigini\u0173 nuobaud\u0173 toliau komandai dalyvauti var\u017eybose draud\u017eiama.<br \/>\n25. Komandos privalo vilk\u0117ti tvarkingomis, vienodomis, sunumeruotomis sportin\u0117mis aprangomis, numeris negali dubliuotis ir turi b\u016bti ant mar\u0161kin\u0117li\u0173 priekio ir nugaros.<br \/>\n26. <\/span>Vienos komandos interesu rungtynes nukelti galima vien\u0105 karta su s\u0105lyga, jog prie\u0161inink\u0173 komanda sutinka nukelti rungtynes ir bus padengtos teis\u0117javimo ir sekretoriato i\u0161laidos.<\/span><\/p>\n<p><span style=\"color: #333333;\">IX. PROTESTAI<\/span><\/p>\n<p><span style=\"color: #333333;\">28. <span lang=\"LT\">Protest\u0105 turi teis\u0119 pateikti komandos vadovas. Komanda, norinti pateikti protest\u0105, privalo po var\u017eyb\u0173 tuoj pat \u012fsp\u0117ti apie tai var\u017eyb\u0173 teis\u0117jus ir var\u017eov\u0173 komandos vadov\u0105, pateikti ra\u0161ti\u0161k\u0105 protest\u0105 ir sumok\u0117ti 30 EUR depozit\u0105 (protest\u0105 patvirtinus, depozitas gr\u0105\u017einamas), bet ne v\u0117liau kaip 30 min. po rungtyni\u0173.<\/span><\/span><\/p>\n<p><span style=\"color: #333333;\">X. APDOVANOJIMAI<\/span><\/p>\n<p><span style=\"color: #333333;\">29. Vis\u0173 turnyr\u0173 nugal\u0117tojai ir prizininkai apdovanojami taur\u0117mis, medaliais ir diplomais.<\/span><\/p>\n<p><span style=\"color: #333333;\">XI. INFORMACIJA<\/span><\/p>\n<p><span style=\"color: #333333;\">Nuostatus pareng\u0117 var\u017eyb\u0173 organizatoriai<\/span><br \/>\n<span style=\"color: #333333;\">________________________________________<\/span><\/p>\n\n\t\t<\/div>\n\t<\/div>\n<\/div><\/div><\/div><\/div>\n<\/section>","protected":false},"excerpt":{"rendered":"ALYTAUS MIESTO KREP\u0160INIO PIRMENYBI\u0172 NUOSTATAI ALYTAUS KREP\u0160INIO M\u0116G\u0116J\u0172 LYGA (AKML) 2023\u20132024 M. I. TIKSLAI IR U\u017dDAVINIAI 1. Skatinti Alytaus miesto gyventoj\u0173 fizin\u012f aktyvum\u0105, sudaryti s\u0105lygas turiningam laisvalaikiui . 2. Siekti doro, s\u0105\u017einingo rungtyniavimo bei var\u017eymosi, laikytis garbingos kovos ir kilnaus elgesio princip\u0173. 3. Ie\u0161koti gabi\u0173, talenting\u0173 sportinink\u0173, sudaryti s\u0105lygas jiems tobul\u0117ti. 4. I\u0161siai\u0161kinti stipriausias komandas...","protected":false},"author":2,"featured_media":0,"parent":0,"menu_order":0,"comment_status":"closed","ping_status":"closed","template":"template-full-width.php","meta":{"footnotes":""},"class_list":["post-1352","page","type-page","status-publish","hentry"],"acf":[],"_links":{"self":[{"href":"https:\/\/akml.net\/en\/wp-json\/wp\/v2\/pages\/1352","targetHints":{"allow":["GET"]}}],"collection":[{"href":"https:\/\/akml.net\/en\/wp-json\/wp\/v2\/pages"}],"about":[{"href":"https:\/\/akml.net\/en\/wp-json\/wp\/v2\/types\/page"}],"author":[{"embeddable":true,"href":"https:\/\/akml.net\/en\/wp-json\/wp\/v2\/users\/2"}],"replies":[{"embeddable":true,"href":"https:\/\/akml.net\/en\/wp-json\/wp\/v2\/comments?post=1352"}],"version-history":[{"count":10,"href":"https:\/\/akml.net\/en\/wp-json\/wp\/v2\/pages\/1352\/revisions"}],"predecessor-version":[{"id":1663,"href":"https:\/\/akml.net\/en\/wp-json\/wp\/v2\/pages\/1352\/revisions\/1663"}],"wp:attachment":[{"href":"https:\/\/akml.net\/en\/wp-json\/wp\/v2\/media?parent=1352"}],"curies":[{"name":"wp","href":"https:\/\/api.w.org\/{rel}","templated":true}]}}