{"id":1428,"date":"2023-11-03T12:01:53","date_gmt":"2023-11-03T12:01:53","guid":{"rendered":"https:\/\/akml.net\/?page_id=1428"},"modified":"2023-11-03T14:10:42","modified_gmt":"2023-11-03T14:10:42","slug":"privatumo-politika","status":"publish","type":"page","link":"https:\/\/akml.net\/en\/privatumo-politika\/","title":{"rendered":"Privatumo Politika"},"content":{"rendered":"<section class=\"wpb-content-wrapper\"><div class=\"vc_row wpb_row vc_row-fluid\"><div class=\"wpb_column vc_column_container vc_col-sm-12\"><div class=\"vc_column-inner\"><div class=\"wpb_wrapper\">\n\t<div class=\"wpb_text_column wpb_content_element\" >\n\t\t<div class=\"wpb_wrapper\">\n\t\t\t<h5><span style=\"color: #333333;\">AKML PRIVATUMO POLITIKA<\/span><\/h5>\n<p><span style=\"color: #333333;\"><em>Paskutin\u0117 atnaujinimo data: 2023.<\/em><em>11.03<\/em><em><br \/>\n<\/em><\/span><br \/>\n<span style=\"color: #333333;\"><strong>BENDRA INFORMACIJA<\/strong><\/span><br \/>\n<span style=\"color: #333333;\">Alytaus krep\u0161inio m\u0117g\u0117j\u0173 lyga (toliau \u2013 Duomen\u0173 valdytojas) \u0161ia privatumo politika (toliau \u2013 Privatumo politika) nustato asmens duomen\u0173 tvarkymo s\u0105lygas naudojantis Duomen\u0173 valdytojo valdoma interneto svetaine. Privatumo politikos nustatytos s\u0105lygos taikomos kiekvien\u0105 kart\u0105 jums norint pasiekti m\u016bs\u0173 teikiam\u0105 turin\u012f ir \/ar paslaug\u0105, nepaisant to, kok\u012f \u012frengin\u012f (kompiuter\u012f, mobil\u0173j\u012f telefon\u0105, plan\u0161et\u0119, ar kt.) naudojate.<\/span><\/p>\n<p><span style=\"color: #333333;\"><strong>DUOMEN\u0172 VALDYTOJO REKVIZITAI<\/strong>:<\/span><br \/>\n<span style=\"color: #333333;\">Jaunasis sportininkas, V\u0161\u012e<\/span><br \/>\n<span style=\"color: #333333;\">Registruotas adresas: Miklus\u0117n\u0173 g. 33-28, Alytus, LT-62332<\/span><br \/>\n<span style=\"color: #333333;\">El. pa\u0161tas: info@akml.net<\/span><br \/>\n<span style=\"color: #333333;\">\u012emon\u0117s kodas: 303270819<\/span><\/p>\n<p><span style=\"color: #333333;\">Labai svarbu, kad atid\u017eiai perskaitytum\u0117te Privatumo politik\u0105, nes, kiekvien\u0105 kart\u0105 lankydami Duomen\u0173 valdytojui priklausan\u010di\u0105 interneto svetain\u0119 sutinkate su s\u0105lygomis, apra\u0161ytomis \u0161ioje Privatumo politikoje. Jei nesutinkate su \u0161iomis s\u0105lygomis, pra\u0161ome nesilankyti m\u016bs\u0173 svetain\u0117je, nesinaudoti m\u016bs\u0173 turiniu.<\/span><\/p>\n<p><span style=\"color: #333333;\">Patvirtiname, kad Duomen\u0173 valdytojo svetain\u0117s lankytoj\u0173 duomenys bus renkami laikantis galiojan\u010di\u0173 Europos S\u0105jungos bei Lietuvos Respublikos teis\u0117s akt\u0173 reikalavim\u0173 bei kontroliuojan\u010di\u0173 institucij\u0173 nurodym\u0173. Taikomos visos protingos technin\u0117s ir administracin\u0117s priemon\u0117s tam, kad m\u016bs\u0173 surinkti duomenys apie svetain\u0117s lankytojus b\u016bt\u0173 apsaugomi nuo praradimo, neleistino naudojimo ir pakeitim\u0173.<\/span><\/p>\n<p><span style=\"color: #333333;\">Asmenys, kurie yra jaunesni negu 16 met\u0173, negali teikti joki\u0173 asmens duomen\u0173 per m\u016bs\u0173 svetain\u0119. Jei esate asmuo, kuris yra jaunesnis negu 16 met\u0173, prie\u0161 pateikdami asmenin\u0119 informacij\u0105, turite gauti savo t\u0117v\u0173 arba kit\u0173 teis\u0117t\u0173 glob\u0117j\u0173 sutikim\u0105.<\/span><\/p>\n<p><span style=\"color: #333333;\">Taisykl\u0117se vartojamos s\u0105vokos suprantamos taip, kaip jos yra apibr\u0117\u017etos Bendrajame duomen\u0173 apsaugos reglamente.<\/span><\/p>\n<p><span style=\"color: #333333;\"><strong>KOKI\u0104 INFORMACIJ\u0104 APIE JUS RENKAME?<\/strong><\/span><br \/>\n<span style=\"color: #333333;\">Tiesiogiai j\u016bs\u0173 pateikiama informacija:<\/span><br \/>\n<span style=\"color: #333333;\">\u2022 Vardas,<\/span><br \/>\n<span style=\"color: #333333;\">\u2022 Elektroninio pa\u0161to adresas,<\/span><br \/>\n<span style=\"color: #333333;\">\u2022 Informacij\u0105, kaip naudojate m\u016bs\u0173 svetaines.<\/span><\/p>\n<p><span style=\"color: #333333;\">Jeigu j\u016bs lankot\u0117s m\u016bs\u0173 interneto svetain\u0117je, mes taip pat renkame informacij\u0105, kuri atskleid\u017eia m\u016bs\u0173 teikiam\u0173 paslaug\u0173 naudojimo ypatumus arba automati\u0161kai generuojama vizit\u0173 statistik\u0105. Daugiau apie naudojamus slapukus skaitykite \u2013 Slapuk\u0173 politika.<\/span><\/p>\n<p><span style=\"color: #333333;\"><strong>KAIP NAUDOJAME J\u016aS\u0172 INFORMACIJ\u0104?<\/strong><\/span><br \/>\n<span style=\"color: #333333;\">Galime naudoti surinkt\u0105 informacij\u0105 toliau nurodytais tikslais:<\/span><br \/>\n<span style=\"color: #333333;\">\u2022 Su\u017einoti, kaip \u017emon\u0117s naudoja m\u016bs\u0173 teikiamas internetines paslaugas, kad gal\u0117tume jas pagerinti ir kurti nauj\u0105 turin\u012f.<\/span><br \/>\n<span style=\"color: #333333;\">\u2022 Kitais b\u016bdais su j\u016bs\u0173 sutikimu.*<\/span><\/p>\n<p><span style=\"color: #333333;\"><em>*Informuojame, kad j\u016bs turite teis\u0119 nesutikti ar bet kuriuo metu at\u0161aukti savo sutikim\u0105 tvarkyti j\u016bs\u0173 duomenis auk\u0161\u010diau nurodytais, \u017evaig\u017edute pa\u017eym\u0117tais, tikslais.<\/em><\/span><\/p>\n<p><span style=\"color: #333333;\"><strong>KAM ATSKLEID\u017dIAME J\u016aS\u0172 INFORMACIJ\u0104?<\/strong><\/span><br \/>\n<span style=\"color: #333333;\">\u012esipareigojame neperduoti j\u016bs\u0173 asmenini\u0173 duomen\u0173 jokioms nesusijusioms tre\u010diosioms \u0161alims, i\u0161skyrus \u0161iuos atvejus:<\/span><br \/>\n<span style=\"color: #333333;\">\u2022 Jei yra j\u016bs\u0173 sutikimas asmens duomen\u0173 atskleidimui.<\/span><br \/>\n<span style=\"color: #333333;\">\u2022 Teis\u0117saugos institucijoms pagal Lietuvos Respublikos teis\u0117s akt\u0173 numatyt\u0105 tvark\u0105.<\/span><\/p>\n<p><span style=\"color: #333333;\"><strong>K\u0104 DAROME, KAD APSAUGOTUME J\u016aS\u0172 INFORMACIJ\u0104?<\/strong><\/span><br \/>\n<span style=\"color: #333333;\">Asmens duomenys yra saugomi nuo praradimo, neleistino naudojimo ir pakeitim\u0173. \u012edieg\u0117me fizines ir technines priemones, kad apsaugotume vis\u0105 informacij\u0105, kuri\u0105 renkame m\u016bs\u0173 paslaug\u0173 teikimo tikslais. Primename, kad, nors ir imam\u0117s tinkam\u0173 veiksm\u0173 j\u016bs\u0173 informacijai apsaugoti, n\u0117 viena svetain\u0117, internetu atliekama operacija, kompiuteri\u0173 sistema ar belaidis ry\u0161ys n\u0117ra visi\u0161kai saug\u016bs.<\/span><br \/>\n<span style=\"color: #333333;\">J\u016bs\u0173 duomenis saugosime 3 metus po paskutinio j\u016bs\u0173 naudojimosi m\u016bs\u0173 paslaugomis ar turiniu, dienos. Pasibaigus \u0161iam terminui, duomenys bus i\u0161trinami taip, kad j\u0173 negalima b\u016bt\u0173 atgaminti.<\/span><\/p>\n<p><span style=\"color: #333333;\"><strong>J\u016aS\u0172 TEIS\u0116S<\/strong><\/span><br \/>\n<span style=\"color: #333333;\">Duomen\u0173 subjektas, kurio duomenys tvarkomi Duomen\u0173 valdytojo veikloje, turi \u0161ias teises:<\/span><br \/>\n<span style=\"color: #333333;\">\u2022 \u017dinoti (b\u016bti informuotas) apie savo duomen\u0173 tvarkym\u0105 (teis\u0117 \u017einoti);<\/span><br \/>\n<span style=\"color: #333333;\">\u2022 Susipa\u017einti su savo duomenimis ir kaip jie yra tvarkomi (teis\u0117 susipa\u017einti);<\/span><br \/>\n<span style=\"color: #333333;\">\u2022 Reikalauti i\u0161taisyti arba, atsi\u017evelgiant \u012f asmens duomen\u0173 tvarkymo tikslus, papildyti asmens nei\u0161samius asmens duomenis (teis\u0117 i\u0161taisyti);<\/span><br \/>\n<span style=\"color: #333333;\">\u2022 Savo duomenis sunaikinti arba sustabdyti savo duomen\u0173 tvarkymo veiksmus (i\u0161skyrus saugojim\u0105) (teis\u0117 sunaikinti ir teis\u0117 \u201eb\u016bti pamir\u0161tam\u201c);<\/span><br \/>\n<span style=\"color: #333333;\">\u2022 Turi teis\u0119 reikalauti, kad asmens Duomen\u0173 valdytojas apribot\u0173 asmens duomen\u0173 tvarkym\u0105 esant vienai i\u0161 teis\u0117t\u0173 prie\u017eas\u010di\u0173 (teis\u0117 apriboti);<\/span><br \/>\n<span style=\"color: #333333;\">\u2022 Turi teis\u0119 \u012f duomen\u0173 perk\u0117lim\u0105 (teis\u0117 perkelti);<\/span><\/p>\n<p><span style=\"color: #333333;\">Jei nebenorite, kad j\u016bs\u0173 asmens duomenys b\u016bt\u0173 tvarkomi tiesiogin\u0117s rinkodaros tikslu, \u012fskaitant profiliavim\u0105, galite ra\u0161yti elektronin\u012f lai\u0161k\u0105 adresu info@akml.net arba skambinti telefonu +37067060784 ir nesutikti, kad j\u016bs\u0173 asmens duomenys b\u016bt\u0173 tvarkomi.<\/span><\/p>\n<p><span style=\"color: #333333;\">Bet kok\u012f pra\u0161ym\u0105 ar nurodym\u0105, susijus\u012f su asmens duomen\u0173 tvarkymu, Duomen\u0173 subjektas turi teis\u0119 pateikti Duomen\u0173 valdytojui el. pa\u0161tu: info@akml.net<\/span><\/p>\n<p><span style=\"color: #333333;\">Duomen\u0173 valdytojas gav\u0119s tok\u012f pra\u0161ym\u0105 ar nurodym\u0105, ne v\u0117liau kaip per vien\u0105 m\u0117nes\u012f nuo kreipimosi dienos, pateikia atsakym\u0105 bei atlieka pra\u0161yme nurodytus veiksmus ar atsisako juos atlikti. Prireikus nurodytas laikotarpis gali b\u016bti prat\u0119stas dar dviem m\u0117nesiams, atsi\u017evelgiant \u012f pra\u0161ym\u0173 sud\u0117tingum\u0105 ir skai\u010di\u0173. Tokiu atveju, per vien\u0105 m\u0117nes\u012f nuo pra\u0161ymo gavimo dienos Duomen\u0173 valdytojas informuoja Duomen\u0173 subjekt\u0105 apie tok\u012f prat\u0119sim\u0105, kartu pateikdamas v\u0117lavimo prie\u017eastis.<\/span><\/p>\n<p><span style=\"color: #333333;\">Duomen\u0173 valdytojas gali nesudaryti duomen\u0173 subjektams s\u0105lyg\u0173 \u012fgyvendinti auk\u0161\u010diau i\u0161vardint\u0173 teisi\u0173, i\u0161skyrus nesutikim\u0105 tvarkyti asmens duomenis tiesiogin\u0117s rinkodaros b\u016bdu, kai \u012fstatym\u0173 numatytais atvejais, reikia u\u017etikrinti nusikaltim\u0173, tarnybin\u0117s ar profesin\u0117s etikos pa\u017eeidim\u0173 prevencij\u0105, tyrim\u0105 ir nustatym\u0105, taip pat duomen\u0173 subjekto ar kit\u0173 asmen\u0173 teisi\u0173 ir laisvi\u0173 apsaug\u0105.<\/span><\/p>\n<p><span style=\"color: #333333;\"><strong>KONTAKTIN\u0116 FORMA<\/strong><\/span><br \/>\n<span style=\"color: #333333;\">J\u016bs\u0173 sutikimo teisiniu pagrindu, tvarkome asmens duomenis pateiktus kontaktin\u0117je formoje \u201cU\u017eklausos forma\u201d: vardas, el. pa\u0161tas, \u017einut\u0117. \u0160iuos duomenis tvarkome 2 metus, tam, kad gal\u0117tume atsakyti \u012f J\u016bs\u0173 u\u017eklausas ir pateikti pasi\u016blymus.<\/span><\/p>\n\n\t\t<\/div>\n\t<\/div>\n<\/div><\/div><\/div><\/div>\n<\/section>","protected":false},"excerpt":{"rendered":"AKML PRIVATUMO POLITIKA Paskutin\u0117 atnaujinimo data: 2023.11.03 BENDRA INFORMACIJA Alytaus krep\u0161inio m\u0117g\u0117j\u0173 lyga (toliau \u2013 Duomen\u0173 valdytojas) \u0161ia privatumo politika (toliau \u2013 Privatumo politika) nustato asmens duomen\u0173 tvarkymo s\u0105lygas naudojantis Duomen\u0173 valdytojo valdoma interneto svetaine. Privatumo politikos nustatytos s\u0105lygos taikomos kiekvien\u0105 kart\u0105 jums norint pasiekti m\u016bs\u0173 teikiam\u0105 turin\u012f ir \/ar paslaug\u0105, nepaisant to, kok\u012f \u012frengin\u012f...","protected":false},"author":2,"featured_media":0,"parent":0,"menu_order":0,"comment_status":"closed","ping_status":"closed","template":"template-full-width.php","meta":{"footnotes":""},"class_list":["post-1428","page","type-page","status-publish","hentry"],"acf":[],"_links":{"self":[{"href":"https:\/\/akml.net\/en\/wp-json\/wp\/v2\/pages\/1428","targetHints":{"allow":["GET"]}}],"collection":[{"href":"https:\/\/akml.net\/en\/wp-json\/wp\/v2\/pages"}],"about":[{"href":"https:\/\/akml.net\/en\/wp-json\/wp\/v2\/types\/page"}],"author":[{"embeddable":true,"href":"https:\/\/akml.net\/en\/wp-json\/wp\/v2\/users\/2"}],"replies":[{"embeddable":true,"href":"https:\/\/akml.net\/en\/wp-json\/wp\/v2\/comments?post=1428"}],"version-history":[{"count":6,"href":"https:\/\/akml.net\/en\/wp-json\/wp\/v2\/pages\/1428\/revisions"}],"predecessor-version":[{"id":1446,"href":"https:\/\/akml.net\/en\/wp-json\/wp\/v2\/pages\/1428\/revisions\/1446"}],"wp:attachment":[{"href":"https:\/\/akml.net\/en\/wp-json\/wp\/v2\/media?parent=1428"}],"curies":[{"name":"wp","href":"https:\/\/api.w.org\/{rel}","templated":true}]}}