{"id":2,"date":"2023-09-29T07:11:33","date_gmt":"2023-09-29T07:11:33","guid":{"rendered":"https:\/\/akml.net\/?page_id=2"},"modified":"2023-11-03T14:22:54","modified_gmt":"2023-11-03T14:22:54","slug":"apie-akml","status":"publish","type":"page","link":"https:\/\/akml.net\/en\/apie-akml\/","title":{"rendered":"Apie AKML"},"content":{"rendered":"<section class=\"wpb-content-wrapper\"><div class=\"vc_row wpb_row vc_row-fluid\"><div class=\"wpb_column vc_column_container vc_col-sm-12\"><div class=\"vc_column-inner\"><div class=\"wpb_wrapper\">\n\t<div class=\"wpb_text_column wpb_content_element  vc_custom_1699021303429\" >\n\t\t<div class=\"wpb_wrapper\">\n\t\t\t<h2><span style=\"color: #333333;\">Alytaus krep\u0161inio m\u0117g\u0117j\u0173 lyga<\/span><\/h2>\n<p><span style=\"color: #333333;\">Alytaus krep\u0161inio m\u0117g\u0117j\u0173 lyga (AKML) jauna 2023 metais susik\u016brusi organizacija vienijanti Alytaus miesto krep\u0161inio gerb\u0117jus. \u010cia savo turnyr\u0105, \u0161vent\u0119 ar laisvalaik\u012f gali atrasti \u012fvairaus am\u017eiaus krep\u0161ininkai bei krep\u0161inink\u0117s. Pagrindinis Alytaus krep\u0161inio m\u0117g\u0117j\u0173 lygos tikslas skatinti Alytaus miesto bei regiono gyventoj\u0173 fizin\u012f aktyvum\u0105, sudaryti s\u0105lygas turiningam laisvalaikiui, Ie\u0161koti gabi\u0173, talenting\u0173 sportinink\u0173, sudaryti s\u0105lygas jiems tobul\u0117ti.<\/span><\/p>\n\n\t\t<\/div>\n\t<\/div>\n<\/div><\/div><\/div><\/div><div class=\"vc_row wpb_row vc_row-fluid\"><div class=\"wpb_column vc_column_container vc_col-sm-12\"><div class=\"vc_column-inner\"><div class=\"wpb_wrapper\">\n<!-- Main News Banner -->\n<div  class=\"main-news-banner main-news-banner--img-left\">\n\n\t\n\t\t\n\t\t<div class=\"main-news-banner__inner\">\n\t\t\t<div class=\"posts posts--simple-list posts--simple-list--xlg\">\n\t\t\t\t<div class=\"posts__item posts__item--category-1 post-1856 post type-post status-publish format-standard has-post-thumbnail hentry category-uncategorized\">\n\t\t\t\t\t<div class=\"posts__inner\">\n\n\t\t\t\t\t\t\n\t\t\t\t\t\t<h6 class=\"posts__title\"><a href=\"https:\/\/akml.net\/en\/pasibaige-pirmasis-akml-sezonas\/\" rel=\"bookmark\">Alytaus krep\u0161inio m\u0117g\u0117j\u0173 lygos dalyvi\u0173 registracija 2023\/2024 sezonui<\/a><\/h6>\n\t\t\t\t\t\t\n\t\t\t\t\t\t\n\t\t\t\t\t\t\t\t\t\t\t\t<div class=\"posts__more\">\n\t\t\t\t\t\t\t<a class=\"btn btn-inverse btn-sm btn-outline btn-icon-right btn-condensed\" href=\"https:\/\/akml.net\/en\/dalyviu-registracija\/\" title=\"Registruotis\">Registruotis<i class=\"fa fa-plus text-primary\"><\/i><\/a>\t\t\t\t\t\t<\/div>\n\t\t\t\t\t\t\n\t\t\t\t\t<\/div>\n\t\t\t\t<\/div>\n\t\t\t<\/div>\n\t\t<\/div>\n\n\t\n\t\n\t\n<\/div>\n<!-- Main News Banner \/ End -->\n<\/div><\/div><\/div><\/div>\n<\/section>","protected":false},"excerpt":{"rendered":"Sekmadien\u012f \u012fvyko pirmasis Alytaus krep\u0161inio m\u0117g\u0117j\u0173 finalinis etapas, kur buvo var\u017eomasi d\u0117l Did\u017eiosios ir Ma\u017eosios tauri\u0173, taip pat vyko trita\u0161ki\u0173 konkursas Did\u017eioji taur\u0117 ir aukso medaliai atiteko lygos \u010dempionams \"Tankos\" komandai Sidabru pasipuo\u0161\u0117 \"Ekstra\" komanda Treti po \u012fnirtingos kovos liko \"ASRC U19\" krep\u0161ininkai Ketvirti liko \"KASP 1R\" komanda Finalini\u0173 rungtyni\u0173 MVP tapo \"Tankos\" komandos \u017eaid\u0117jas...","protected":false},"author":2,"featured_media":0,"parent":0,"menu_order":0,"comment_status":"closed","ping_status":"closed","template":"template-full-width.php","meta":{"footnotes":""},"class_list":["post-2","page","type-page","status-publish","hentry"],"acf":[],"_links":{"self":[{"href":"https:\/\/akml.net\/en\/wp-json\/wp\/v2\/pages\/2","targetHints":{"allow":["GET"]}}],"collection":[{"href":"https:\/\/akml.net\/en\/wp-json\/wp\/v2\/pages"}],"about":[{"href":"https:\/\/akml.net\/en\/wp-json\/wp\/v2\/types\/page"}],"author":[{"embeddable":true,"href":"https:\/\/akml.net\/en\/wp-json\/wp\/v2\/users\/2"}],"replies":[{"embeddable":true,"href":"https:\/\/akml.net\/en\/wp-json\/wp\/v2\/comments?post=2"}],"version-history":[{"count":12,"href":"https:\/\/akml.net\/en\/wp-json\/wp\/v2\/pages\/2\/revisions"}],"predecessor-version":[{"id":1449,"href":"https:\/\/akml.net\/en\/wp-json\/wp\/v2\/pages\/2\/revisions\/1449"}],"wp:attachment":[{"href":"https:\/\/akml.net\/en\/wp-json\/wp\/v2\/media?parent=2"}],"curies":[{"name":"wp","href":"https:\/\/api.w.org\/{rel}","templated":true}]}}