{"id":610,"date":"2017-06-04T14:04:18","date_gmt":"2017-06-04T14:04:18","guid":{"rendered":"http:\/\/localhost\/alchemists\/?page_id=610"},"modified":"2023-11-03T15:04:11","modified_gmt":"2023-11-03T15:04:11","slug":"kontaktai","status":"publish","type":"page","link":"https:\/\/akml.net\/en\/kontaktai\/","title":{"rendered":"Kontaktai"},"content":{"rendered":"<section class=\"wpb-content-wrapper\"><div class=\"vc_row wpb_row vc_row-fluid vc_custom_1496587941845\"><div class=\"wpb_column vc_column_container vc_col-sm-12\"><div class=\"vc_column-inner\"><div class=\"wpb_wrapper\">\n<!-- Card -->\n<div class=\"card\" >\n\n      <div class=\"card__header\">\n      <h4 class=\"\">U\u017eklausos forma<\/h4>    <\/div>\n  \n  <div class=\"card__content\">\n    <div class=\"vc_row wpb_row vc_inner vc_row-fluid\"><div class=\"wpb_column vc_column_container vc_col-sm-4\"><div class=\"vc_column-inner vc_custom_1498747444117\"><div class=\"wpb_wrapper\">\n\t<div class=\"wpb_text_column wpb_content_element  vc_custom_1699023849552\" >\n\t\t<div class=\"wpb_wrapper\">\n\t\t\t<h5>Turite klausim\u0173? Susiekite su mumis!<\/h5>\n<p>U\u017epildykite form\u0105 ir mes Jums atsakysime.<\/p>\n<div class=\"spacer-sm\"><\/div>\n<h5>Kontaktai<\/h5>\n<p>Jaunasis sportininkas, V\u0161\u012e<br \/>\n\u012em. kodas: 303270819<br \/>\nAdresas<span style=\"font-family: 'Source Sans Pro', Helvetica, sans-serif;\">: Miklus\u0117n\u0173 g. 33-28, Alytus<br \/>\n<\/span>el.p<span style=\"font-family: 'Source Sans Pro', Helvetica, sans-serif;\">. <\/span><a style=\"font-family: 'Source Sans Pro', Helvetica, sans-serif;\" href=\"mailto:info@akml.net\">info@akml.net<\/a><br \/>\ntel<span style=\"font-family: 'Source Sans Pro', Helvetica, sans-serif;\">:. +37067060784<\/span><\/p>\n\n\t\t<\/div>\n\t<\/div>\n<\/div><\/div><\/div><div class=\"wpb_column vc_column_container vc_col-sm-8\"><div class=\"vc_column-inner\"><div class=\"wpb_wrapper\"><div class=\"wpforms-container wpforms-container-full wpforms-render-modern\" id=\"wpforms-1388\"><form id=\"wpforms-form-1388\" class=\"wpforms-validate wpforms-form wpforms-ajax-form\" data-formid=\"1388\" method=\"post\" enctype=\"multipart\/form-data\" action=\"\/en\/wp-json\/wp\/v2\/pages\/610\" data-token=\"90ab29bb214cb9f1a71e314df60786f0\" data-trp-original-action=\"\/en\/wp-json\/wp\/v2\/pages\/610\"><noscript class=\"wpforms-error-noscript\">Please enable JavaScript in your browser to complete this form.<\/noscript><div class=\"wpforms-hidden\" id=\"wpforms-error-noscript\">Please enable JavaScript in your browser to complete this form.<\/div><div class=\"wpforms-field-container\"><div id=\"wpforms-1388-field_0-container\" class=\"wpforms-field wpforms-field-name\" data-field-id=\"0\"><label class=\"wpforms-field-label\" for=\"wpforms-1388-field_0\">J\u016bs\u0173 vardas <span class=\"wpforms-required-label\" aria-hidden=\"true\">*<\/span><\/label><input type=\"text\" id=\"wpforms-1388-field_0\" class=\"wpforms-field-large wpforms-field-required\" name=\"wpforms[fields][0]\" aria-errormessage=\"wpforms-1388-field_0-error\" required><\/div><div id=\"wpforms-1388-field_1-container\" class=\"wpforms-field wpforms-field-email\" data-field-id=\"1\"><label class=\"wpforms-field-label\" for=\"wpforms-1388-field_1\">El. Pa\u0161tas <span class=\"wpforms-required-label\" aria-hidden=\"true\">*<\/span><\/label><input type=\"email\" id=\"wpforms-1388-field_1\" class=\"wpforms-field-large wpforms-field-required\" name=\"wpforms[fields][1]\" spellcheck=\"false\" aria-errormessage=\"wpforms-1388-field_1-error\" required><\/div><div id=\"wpforms-1388-field_2-container\" class=\"wpforms-field wpforms-field-textarea\" data-field-id=\"2\"><label class=\"wpforms-field-label\" for=\"wpforms-1388-field_2\">J\u016bs\u0173 \u017einut\u0117 <span class=\"wpforms-required-label\" aria-hidden=\"true\">*<\/span><\/label><textarea id=\"wpforms-1388-field_2\" class=\"wpforms-field-medium wpforms-field-required\" name=\"wpforms[fields][2]\" aria-errormessage=\"wpforms-1388-field_2-error\" required><\/textarea><\/div><div id=\"wpforms-1388-field_3-container\" class=\"wpforms-field wpforms-field-gdpr-checkbox\" data-field-id=\"3\"><label class=\"wpforms-field-label\" for=\"wpforms-1388-field_3\">Sutikimas <span class=\"wpforms-required-label\" aria-hidden=\"true\">*<\/span><\/label><ul id=\"wpforms-1388-field_3\" class=\"wpforms-field-required\"><li class=\"choice-1\"><input type=\"checkbox\" id=\"wpforms-1388-field_3_1\" name=\"wpforms[fields][3][]\" value=\"Susipa\u017einau ir sutinku su &lt;a target=&quot;_blank&quot; href=&quot;https:\/\/akml.net\/privatumo-politika\/&quot;&gt;PRIVATUMO POLITIKA&lt;\/a&gt;.\" aria-errormessage=\"wpforms-1388-field_3_1-error\" required><label class=\"wpforms-field-label-inline\" for=\"wpforms-1388-field_3_1\">Susipa\u017einau ir sutinku su <a target=\"_blank\" href=\"https:\/\/akml.net\/en\/privatumo-politika\/\">PRIVATUMO POLITIKA<\/a>.<\/label><\/li><\/ul><\/div><\/div><!-- .wpforms-field-container --><div class=\"wpforms-submit-container\" ><input type=\"hidden\" name=\"wpforms[id]\" value=\"1388\"><input type=\"hidden\" name=\"wpforms[author]\" value=\"2\"><button type=\"submit\" name=\"wpforms[submit]\" id=\"wpforms-submit-1388\" class=\"wpforms-submit\" data-alt-text=\"Siun\u010diama...\" data-submit-text=\"Si\u0173sti \u017einut\u0119\" aria-live=\"assertive\" value=\"wpforms-submit\">Si\u0173sti \u017einut\u0119<\/button><img loading=\"lazy\" decoding=\"async\" src=\"https:\/\/akml.net\/wp-content\/plugins\/wpforms-lite\/assets\/images\/submit-spin.svg\" class=\"wpforms-submit-spinner\" style=\"display: none;\" width=\"26\" height=\"26\" alt=\"Loading\"><\/div><input type=\"hidden\" name=\"trp-form-language\" value=\"en\"\/><\/form><\/div>  <!-- .wpforms-container --><\/div><\/div><\/div><\/div>\n  <\/div>\n\n<\/div>\n<!-- Card \/ End -->\n<\/div><\/div><\/div><\/div><div data-vc-full-width=\"true\" data-vc-full-width-init=\"false\" data-vc-stretch-content=\"true\" class=\"vc_row wpb_row vc_row-fluid vc_row-no-padding\"><div class=\"wpb_column vc_column_container vc_col-sm-12\"><div class=\"vc_column-inner\"><div class=\"wpb_wrapper\"><div class=\"wpb_gmaps_widget wpb_content_element\"><div class=\"wpb_wrapper\"><div class=\"wpb_map_wraper\"><iframe loading=\"lazy\" src=\"https:\/\/www.google.com\/maps\/embed?pb=!1m18!1m12!1m3!1d2321.8743341505897!2d24.013534777153037!3d54.41219527261754!2m3!1f0!2f0!3f0!3m2!1i1024!2i768!4f13.1!3m3!1m2!1s0x46e0b6a7a579416f%3A0xabe0306fb2d3404d!2sMiklus%C4%97n%C5%B3%20g.%2033%2C%2062332%20Alytus!5e0!3m2!1slt!2slt!4v1697995313364!5m2!1slt!2slt\" width=\"600\" height=\"450\" frameborder=\"0\" style=\"border:0\" allowfullscreen><\/iframe><\/div><\/div><\/div><\/div><\/div><\/div><\/div><div class=\"vc_row-full-width vc_clearfix\"><\/div>\n<\/section>","protected":false},"excerpt":{"rendered":"U\u017eklausos forma Turite klausim\u0173? Susiekite su mumis! U\u017epildykite form\u0105 ir mes Jums atsakysime. Kontaktai Jaunasis sportininkas, V\u0161\u012e \u012em. kodas: 303270819 Adresas: Miklus\u0117n\u0173 g. 33-28, Alytus el.p. info@akml.net tel:. +37067060784 Please enable JavaScript in your browser to complete this form.Please enable JavaScript in your browser to complete this form.J\u016bs\u0173 vardas *El. Pa\u0161tas *J\u016bs\u0173 \u017einut\u0117 *Sutikimas *Susipa\u017einau...","protected":false},"author":2,"featured_media":0,"parent":0,"menu_order":0,"comment_status":"closed","ping_status":"closed","template":"template-full-width.php","meta":{"footnotes":""},"class_list":["post-610","page","type-page","status-publish","hentry"],"acf":[],"_links":{"self":[{"href":"https:\/\/akml.net\/en\/wp-json\/wp\/v2\/pages\/610","targetHints":{"allow":["GET"]}}],"collection":[{"href":"https:\/\/akml.net\/en\/wp-json\/wp\/v2\/pages"}],"about":[{"href":"https:\/\/akml.net\/en\/wp-json\/wp\/v2\/types\/page"}],"author":[{"embeddable":true,"href":"https:\/\/akml.net\/en\/wp-json\/wp\/v2\/users\/2"}],"replies":[{"embeddable":true,"href":"https:\/\/akml.net\/en\/wp-json\/wp\/v2\/comments?post=610"}],"version-history":[{"count":13,"href":"https:\/\/akml.net\/en\/wp-json\/wp\/v2\/pages\/610\/revisions"}],"predecessor-version":[{"id":1455,"href":"https:\/\/akml.net\/en\/wp-json\/wp\/v2\/pages\/610\/revisions\/1455"}],"wp:attachment":[{"href":"https:\/\/akml.net\/en\/wp-json\/wp\/v2\/media?parent=610"}],"curies":[{"name":"wp","href":"https:\/\/api.w.org\/{rel}","templated":true}]}}